{"id":315,"date":"2024-10-08T07:44:53","date_gmt":"2024-10-08T05:44:53","guid":{"rendered":"https:\/\/tribulaun.it\/cookies\/"},"modified":"2024-11-08T10:46:12","modified_gmt":"2024-11-08T09:46:12","slug":"cookies","status":"publish","type":"page","link":"https:\/\/tribulaun.it\/it\/cookies\/","title":{"rendered":"Cookies"},"content":{"rendered":"[vc_row type=&#8221;in_container&#8221; full_screen_row_position=&#8221;middle&#8221; column_margin=&#8221;default&#8221; column_direction=&#8221;default&#8221; column_direction_tablet=&#8221;default&#8221; column_direction_phone=&#8221;default&#8221; scene_position=&#8221;center&#8221; text_color=&#8221;dark&#8221; text_align=&#8221;left&#8221; row_border_radius=&#8221;none&#8221; row_border_radius_applies=&#8221;bg&#8221; overflow=&#8221;visible&#8221; overlay_strength=&#8221;0.3&#8243; gradient_direction=&#8221;left_to_right&#8221; shape_divider_position=&#8221;bottom&#8221; bg_image_animation=&#8221;none&#8221;][vc_column column_padding=&#8221;no-extra-padding&#8221; column_padding_tablet=&#8221;inherit&#8221; column_padding_phone=&#8221;inherit&#8221; column_padding_position=&#8221;all&#8221; column_element_direction_desktop=&#8221;default&#8221; column_element_spacing=&#8221;default&#8221; desktop_text_alignment=&#8221;default&#8221; tablet_text_alignment=&#8221;default&#8221; phone_text_alignment=&#8221;default&#8221; background_color_opacity=&#8221;1&#8243; background_hover_color_opacity=&#8221;1&#8243; column_backdrop_filter=&#8221;none&#8221; column_shadow=&#8221;none&#8221; column_border_radius=&#8221;none&#8221; column_link_target=&#8221;_self&#8221; column_position=&#8221;default&#8221; gradient_direction=&#8221;left_to_right&#8221; overlay_strength=&#8221;0.3&#8243; width=&#8221;1\/1&#8243; tablet_width_inherit=&#8221;default&#8221; animation_type=&#8221;default&#8221; bg_image_animation=&#8221;none&#8221; border_type=&#8221;simple&#8221; column_border_width=&#8221;none&#8221; column_border_style=&#8221;solid&#8221;][vc_row_inner column_margin=&#8221;default&#8221; column_direction=&#8221;default&#8221; column_direction_tablet=&#8221;default&#8221; column_direction_phone=&#8221;default&#8221; text_align=&#8221;left&#8221; row_position=&#8221;default&#8221; row_position_tablet=&#8221;inherit&#8221; row_position_phone=&#8221;inherit&#8221; overflow=&#8221;visible&#8221; pointer_events=&#8221;all&#8221;][vc_column_inner column_padding=&#8221;no-extra-padding&#8221; column_padding_tablet=&#8221;inherit&#8221; column_padding_phone=&#8221;inherit&#8221; column_padding_position=&#8221;all&#8221; column_element_direction_desktop=&#8221;default&#8221; column_element_spacing=&#8221;default&#8221; desktop_text_alignment=&#8221;default&#8221; tablet_text_alignment=&#8221;default&#8221; phone_text_alignment=&#8221;default&#8221; background_color_opacity=&#8221;1&#8243; background_hover_color_opacity=&#8221;1&#8243; column_backdrop_filter=&#8221;none&#8221; column_shadow=&#8221;none&#8221; column_border_radius=&#8221;none&#8221; column_link_target=&#8221;_self&#8221; overflow=&#8221;visible&#8221; gradient_direction=&#8221;left_to_right&#8221; overlay_strength=&#8221;0.3&#8243; width=&#8221;1\/1&#8243; tablet_width_inherit=&#8221;default&#8221; animation_type=&#8221;default&#8221; bg_image_animation=&#8221;none&#8221; border_type=&#8221;simple&#8221; column_border_width=&#8221;none&#8221; column_border_style=&#8221;solid&#8221;][vc_column_text css=&#8221;&#8221; text_direction=&#8221;default&#8221;]\n<h2 id=\"cookies\">Cookies<\/h2>\n<p>&nbsp;<\/p>\n<p><b>Was sind Cookies?<\/b><br \/>\nI cookie sono piccoli file di testo che vengono inseriti nel tuo computer quando visiti determinati siti web. Utilizziamo i cookie per il sito web e per i sotto-domini &#8211; chiedendo il consenso dell&#8217;utente laddove ci\u00f2 sia espressamente richiesto dalla legge o da altre normative pertinenti &#8211; per facilitare la navigazione dell&#8217;utente e per personalizzare le informazioni fornite all&#8217;utente. Utilizziamo inoltre sistemi appropriati per raccogliere informazioni sull&#8217;utente, come l&#8217;indirizzo IP, il browser e il sistema operativo utilizzati e\/o i siti web visitati dall&#8217;utente, a fini statistici e di sicurezza. Se decidi di disabilitare o rifiutare i cookie, potresti non essere in grado di accedere ad alcune parti del nostro sito web e dei sottodomini collegati, oppure potrebbero non funzionare correttamente. Per garantire un utilizzo completo e senza problemi di questo sito web, devi impostare il tuo browser in modo che accetti i cookie. I cookie non comportano alcun rischio per il tuo computer, tablet o smartphone. I cookie generati dal nostro sito web non contengono informazioni personali che possano essere utilizzate per identificare l&#8217;utente, ma solo dati criptati.<br \/>\nIl sito web e i sottodomini associati utilizzano i seguenti tipi di cookie: <b>Cookie di navigazione<\/b> Questi cookie ti permettono di navigare nel sito web e di utilizzarne le funzionalit\u00e0. Senza i cookie, potresti non essere in grado di accedere a tali funzioni o queste potrebbero non funzionare correttamente. I cookie strettamente necessari sono utilizzati per memorizzare un identificatore in modo da poter identificare in modo univoco ogni utente e fornire un servizio coerente e personalizzato.<br \/>\nC <b>ookie di prestazione<\/b> Questi cookie possono provenire da noi stessi o da uno dei nostri partner; possono essere di sessione o persistenti. Vengono utilizzati esclusivamente per migliorare le prestazioni del sito web. Questi cookie non raccolgono informazioni che possano essere utilizzate per identificare l&#8217;utente.<br \/>\nTutte le informazioni raccolte tramite questi cookie sono riassunte in forma anonima e vengono utilizzate solo per migliorare la funzionalit\u00e0 del sito web <b>Cookie funzionali<\/b> I cookie vengono solitamente inseriti nel computer dell&#8217;utente a seguito di un&#8217;azione dell&#8217;utente stesso, ma possono anche essere ricevuti quando viene offerto un servizio all&#8217;utente senza che questo lo richieda esplicitamente. Possono essere utilizzati per evitare che lo stesso servizio venga offerto pi\u00f9 volte allo stesso utente. Inoltre, questi cookie consentono al sito web di tenere traccia delle scelte dell&#8217;utente. Le informazioni raccolte da questi cookie sono anonime e non possono essere utilizzate per valutare il comportamento dell&#8217;utente su altri siti web.<br \/>\nC <b>ookie di terze parti per finalit\u00e0 di marketing\/retargeting<\/b> Questi cookie sono utilizzati da partner per mostrarti pubblicit\u00e0 quando sei su altri siti web e, ad esempio, per mostrarti i prodotti che hai visualizzato di recente sul nostro sito.<\/p>\n<p> Diese Cookies k\u00f6nnen auch dazu verwendet werden, Produkte zu zeigen, die Sie m\u00f6glicherweise interessieren oder die anderen Produkten \u00e4hneln, die Sie sich zuvor angesehen haben. Diese Cookies sind nicht mit der Verarbeitung personenbezogener Informationen verbunden, k\u00f6nnen aber den Zugriff auf den Browser erm\u00f6glichen, der auf Ihrem Computer oder anderen Ger\u00e4ten installiert ist. <\/p>\n<p><strong>Borlabs Cookie<\/strong><\/p>\n<p>Questo sito web utilizza il Cookie Borlabs, che imposta due cookie tecnicamente necessari<em>(borlabsCookie<\/em> e <em>borlabsCookieUnblockContent<\/em>) per salvare le tue preferenze sui cookie. Il cookie Borlabs non tratta alcun dato personale. Il cookie <em>borlabsCookie<\/em> memorizza la preferenza che hai selezionato quando sei entrato nel sito web. Il cookie <em>borlabsCookieUnblockContent<\/em> memorizza i contenuti multimediali (esterni) che desideri siano sempre sbloccati automaticamente. Se desideri revocare queste impostazioni, cancella semplicemente i cookie nel tuo browser. Quando rientrerai\/ricaricherai il sito web, ti verr\u00e0 chiesto di specificare nuovamente la tua preferenza per i cookie.<br \/>\nD <b>isattivare i cookie<\/b> di &#8212;&#8211; Le leggi sulla protezione dei dati danno agli utenti la possibilit\u00e0 di disattivare (&#8220;opt-out&#8221;) i cookie gi\u00e0 installati sul loro dispositivo. Questa opzione si applica ai &#8220;cookie tecnici&#8221; (art. 122 del Codice della Privacy) e ad altri cookie che l&#8217;utente ha precedentemente accettato (&#8220;opt-in&#8221;).<br \/>\nL&#8217;utente pu\u00f2 disabilitare e\/o eliminare (&#8220;opt-out&#8221;) i cookie utilizzando le impostazioni del browser Per disabilitare i cookie: <b>Internet Explorer<\/b> Bloccare o consentire tutti i cookie<\/p>\n<ol>\n<li>\u00d6ffnen Sie Internet Explorer, indem Sie auf die Schaltfl\u00e4che Start klicken und dann auf Internet Explorer klicken.<\/li>\n<li>Klicken Sie auf die Schaltfl\u00e4che Extras und dann auf Internetoptionen.<\/li>\n<li>Klicken Sie auf die Registerkarte Datenschutz, und verschieben Sie dann unter Einstellungen den Schiebregler nach oben, um alle Cookies zu blockieren, oder nach unten, um alle zuzulassen. Klicken Sie anschlie\u00dfend auf OK.<br \/>\nDas Blockieren von Cookies kann dazu f\u00fchren, dass manche Webseiten nicht korrekt angezeigt werden. <\/li>\n<\/ol>\n<p><b>Firefox<\/b><br \/>\nUm die Cookies aller Websites zu blockieren, gehen Sie wie folgt vor:<\/p>\n<ol>\n<li>Klicken Sie auf die Men\u00fcschaltfl\u00e4che und w\u00e4hlen Sie Einstellungen.<\/li>\n<li>Gehen Sie zum Abschnitt Datenschutz.<\/li>\n<li>Setzen Sie die Auswahlliste neben Firefox wird eine Chronik: auf nach benutzerdefinierten Einstellungen anlegen.<\/li>\n<li>Entfernen Sie das H\u00e4kchen bei Cookies akzeptieren. Klicken Sie auf OK. <\/li>\n<\/ol>\n<p><b>Google Chrome<\/b><\/p>\n<ol>\n<li>W\u00e4hlen Sie das Chrome-Men\u00fcsymbol aus.<\/li>\n<li>W\u00e4hlen Sie Einstellungen aus.<\/li>\n<li>W\u00e4hlen Sie unten auf der Seite Erweiterte Einstellungen anzeigen aus.<\/li>\n<li>W\u00e4hlen Sie im Abschnitt \u201eDatenschutz\u201c die Option Inhaltseinstellungen aus.<\/li>\n<li>W\u00e4hlen Sie Speicherung von Daten f\u00fcr alle Websites blockieren aus.<\/li>\n<li>W\u00e4hlen Sie Fertig aus.<\/li>\n<\/ol>\n<p>Einzelne nicht technische Cookies von Dritten k\u00f6nnen vom Benutzer auch deaktiviert und\/oder gel\u00f6scht werden, wie auf der Website der European Interactive Digital Advertising Alliance erkl\u00e4rt wird: <a href=\"http:\/\/www.youronlinechoices.eu\/\">www.youronlinechoices.eu<\/a>[\/vc_column_text][\/vc_column_inner][\/vc_row_inner][\/vc_column][\/vc_row]\n","protected":false},"excerpt":{"rendered":"<p>[vc_row type=&#8221;in_container&#8221; full_screen_row_position=&#8221;middle&#8221; column_margin=&#8221;default&#8221; column_direction=&#8221;default&#8221; column_direction_tablet=&#8221;default&#8221; column_direction_phone=&#8221;default&#8221; scene_position=&#8221;center&#8221; text_color=&#8221;dark&#8221; text_align=&#8221;left&#8221; row_border_radius=&#8221;none&#8221; row_border_radius_applies=&#8221;bg&#8221; overflow=&#8221;visible&#8221; overlay_strength=&#8221;0.3&#8243; gradient_direction=&#8221;left_to_right&#8221; shape_divider_position=&#8221;bottom&#8221; bg_image_animation=&#8221;none&#8221;][vc_column column_padding=&#8221;no-extra-padding&#8221; column_padding_tablet=&#8221;inherit&#8221; column_padding_phone=&#8221;inherit&#8221; column_padding_position=&#8221;all&#8221; column_element_direction_desktop=&#8221;default&#8221; column_element_spacing=&#8221;default&#8221; desktop_text_alignment=&#8221;default&#8221; tablet_text_alignment=&#8221;default&#8221; phone_text_alignment=&#8221;default&#8221; background_color_opacity=&#8221;1&#8243; background_hover_color_opacity=&#8221;1&#8243; column_backdrop_filter=&#8221;none&#8221; column_shadow=&#8221;none&#8221;&#8230;<\/p>\n","protected":false},"author":2,"featured_media":0,"parent":0,"menu_order":24,"comment_status":"closed","ping_status":"closed","template":"","meta":{"om_disable_all_campaigns":false,"_monsterinsights_skip_tracking":false,"_monsterinsights_sitenote_active":false,"_monsterinsights_sitenote_note":"","_monsterinsights_sitenote_category":0,"_uf_show_specific_survey":0,"_uf_disable_surveys":false,"footnotes":""},"class_list":["post-315","page","type-page","status-publish"],"aioseo_notices":[],"_links":{"self":[{"href":"https:\/\/tribulaun.it\/it\/wp-json\/wp\/v2\/pages\/315","targetHints":{"allow":["GET"]}}],"collection":[{"href":"https:\/\/tribulaun.it\/it\/wp-json\/wp\/v2\/pages"}],"about":[{"href":"https:\/\/tribulaun.it\/it\/wp-json\/wp\/v2\/types\/page"}],"author":[{"embeddable":true,"href":"https:\/\/tribulaun.it\/it\/wp-json\/wp\/v2\/users\/2"}],"replies":[{"embeddable":true,"href":"https:\/\/tribulaun.it\/it\/wp-json\/wp\/v2\/comments?post=315"}],"version-history":[{"count":2,"href":"https:\/\/tribulaun.it\/it\/wp-json\/wp\/v2\/pages\/315\/revisions"}],"predecessor-version":[{"id":317,"href":"https:\/\/tribulaun.it\/it\/wp-json\/wp\/v2\/pages\/315\/revisions\/317"}],"wp:attachment":[{"href":"https:\/\/tribulaun.it\/it\/wp-json\/wp\/v2\/media?parent=315"}],"curies":[{"name":"wp","href":"https:\/\/api.w.org\/{rel}","templated":true}]}}